{"id":32,"date":"2020-02-09T11:11:44","date_gmt":"2020-02-09T10:11:44","guid":{"rendered":"http:\/\/foximo.pl\/?page_id=32"},"modified":"2020-08-03T11:25:38","modified_gmt":"2020-08-03T09:25:38","slug":"rozwiazania-sieciowe","status":"publish","type":"page","link":"https:\/\/foximo.pl\/index.php\/rozwiazania-sieciowe\/","title":{"rendered":"Rozwi\u0105zania Sieciowe"},"content":{"rendered":"\n<div class=\"wp-block-media-text alignwide is-stacked-on-mobile\" style=\"grid-template-columns:44% auto\"><figure class=\"wp-block-media-text__media\"><img loading=\"lazy\" decoding=\"async\" width=\"775\" height=\"617\" src=\"https:\/\/foximo.pl\/wp-content\/uploads\/2020\/04\/network-foximo-1.jpg\" alt=\"\" class=\"wp-image-260\" srcset=\"https:\/\/foximo.pl\/wp-content\/uploads\/2020\/04\/network-foximo-1.jpg 775w, https:\/\/foximo.pl\/wp-content\/uploads\/2020\/04\/network-foximo-1-300x239.jpg 300w, https:\/\/foximo.pl\/wp-content\/uploads\/2020\/04\/network-foximo-1-768x611.jpg 768w\" sizes=\"auto, (max-width: 775px) 100vw, 775px\" \/><\/figure><div class=\"wp-block-media-text__content\">\n<p><\/p>\n\n\n\n<p><strong>Wsp\u00f3\u0142pracujemy z partnerami technologicznymi oferuj\u0105cymi sieci nowej generacji.<\/strong><\/p>\n\n\n\n<p><strong>Rozumiemy warto\u015b\u0107 infrastruktury sieciowej, kt\u00f3ra zapewnia widoczno\u015b\u0107, szybko\u015b\u0107 i bezpiecze\u0144stwo wymagane do optymalizacji i przep\u0142ywu informacji w organizacji. Sieci nowej generacji pozwalaj\u0105 klientom \u015bci\u015ble dostosowa\u0107 inwestycje sieciowe do wymaga\u0144 biznesowych. Uwa\u017camy, \u017ce dobrze zaprojektowana sie\u0107 powinna by\u0107 narz\u0119dziem do prowadzenia biznesu zapewniaj\u0105cym przewag\u0119 konkurencyjn\u0105.<\/strong><\/p>\n\n\n\n<p><strong>Projektujemy nowoczesne sieci zwymiarowane pod bie\u017c\u0105ce wymagania z mo\u017cliwo\u015bci\u0105 elastycznej rozbudowy w przypadku pojawienia si\u0119 przysz\u0142ych potrzeb ze strony biznesu. Oczywi\u015bcie odpowiednie zaprojektowanie infrastruktury sieciowej wymaga ca\u0142o\u015bciowego zrozumienia sieci klienta oraz dzia\u0142aj\u0105cych w niej us\u0142ug. Nasi in\u017cynierowie posiadaj\u0105 du\u017ce do\u015bwiadczenie w tej materii.<\/strong><\/p>\n\n\n\n<p><\/p>\n<\/div><\/div>\n\n\n\n<div class=\"wp-block-media-text alignwide has-media-on-the-right is-stacked-on-mobile\" style=\"grid-template-columns:auto 48%\"><figure class=\"wp-block-media-text__media\"><img loading=\"lazy\" decoding=\"async\" width=\"847\" height=\"565\" src=\"https:\/\/foximo.pl\/wp-content\/uploads\/2020\/04\/data-center-foximo-1.jpg\" alt=\"\" class=\"wp-image-261\" srcset=\"https:\/\/foximo.pl\/wp-content\/uploads\/2020\/04\/data-center-foximo-1.jpg 847w, https:\/\/foximo.pl\/wp-content\/uploads\/2020\/04\/data-center-foximo-1-300x200.jpg 300w, https:\/\/foximo.pl\/wp-content\/uploads\/2020\/04\/data-center-foximo-1-768x512.jpg 768w\" sizes=\"auto, (max-width: 847px) 100vw, 847px\" \/><\/figure><div class=\"wp-block-media-text__content\">\n<p>W przypadku obszaru Data Center oferujemy nowoczesne rozwi\u0105zania gotowe na sie\u0107 Software Defined pozwalaj\u0105ce w przysz\u0142o\u015bci r\u00f3wnie\u017c na integracj\u0119 z rozwi\u0105zaniami chmurowymi.<\/p>\n\n\n\n<p>W obszarze Access stawiamy na sieci, kt\u00f3re zapewniaj\u0105 wy\u017csz\u0105 automatyzacj\u0119, centralne zarz\u0105dzanie oraz lepsz\u0105 widoczno\u015b\u0107. Takie podej\u015bcie pozwala dzia\u0142om IT skoncentrowa\u0107 si\u0119 wymogach stawianych przez biznes oraz dzia\u0142 bezpiecze\u0144stwa. Projektowanie sieci przek\u0142ada si\u0119 na definiowanie relacji oraz wymaga\u0144 biznesowych. Sam proces budowania polityk jest w tym momencie zautomatyzowany.<br>Nowoczesne sieci s\u0105 tworzone zgodnie z koncepcj\u0105 \u201esecurity by design\u201d. Takie podej\u015bcie wp\u0142ywa znacz\u0105co na zwi\u0119kszenie poziomu bezpiecze\u0144stwa i zgodno\u015b\u0107 ze standardami bran\u017cowymi.<\/p>\n\n\n\n<p><\/p>\n<\/div><\/div>\n\n\n\n<div class=\"wp-block-media-text alignwide has-media-on-the-right is-stacked-on-mobile\" style=\"grid-template-columns:auto 48%\"><figure class=\"wp-block-media-text__media\"><img loading=\"lazy\" decoding=\"async\" width=\"854\" height=\"561\" src=\"https:\/\/foximo.pl\/wp-content\/uploads\/2020\/04\/data-center-foximo-2.jpg\" alt=\"\" class=\"wp-image-262\" srcset=\"https:\/\/foximo.pl\/wp-content\/uploads\/2020\/04\/data-center-foximo-2.jpg 854w, https:\/\/foximo.pl\/wp-content\/uploads\/2020\/04\/data-center-foximo-2-300x197.jpg 300w, https:\/\/foximo.pl\/wp-content\/uploads\/2020\/04\/data-center-foximo-2-768x505.jpg 768w\" sizes=\"auto, (max-width: 854px) 100vw, 854px\" \/><\/figure><div class=\"wp-block-media-text__content\">\n<p><\/p>\n\n\n\n<p>Klientom wielooddzia\u0142owym posiadaj\u0105cym sieci WAN doradzamy, jak przy pomocy rozwi\u0105za\u0144 Software Defined zredukowa\u0107 koszty starych technologii bez utraty jako\u015bci oraz bezpiecze\u0144stwa. Nowoczesne sieci SD-WAN pozwalaj\u0105 na zbudowanie rozwi\u0105za\u0144 zapewniaj\u0105cych monitorowanie i routing na poziomie aplikacji, lepsz\u0105 widoczno\u015b\u0107 ca\u0142ej sieci oraz wi\u0119ksz\u0105 bezawaryjno\u015b\u0107.<\/p>\n\n\n\n<p>Rewolucja Industry 4.0 wymusi\u0142a na przedsi\u0119biorstwach modernizacj\u0119 rozwi\u0105za\u0144 w obszarze sieci przemys\u0142owych. Du\u017cy nacisk jest k\u0142adziony na wydajno\u015b\u0107 sieci, niezawodno\u015b\u0107 oraz bezpiecze\u0144stwo. Dostarczamy klientom niezawodne rozwi\u0105zania dla sieci przemys\u0142owych.<\/p>\n\n\n\n<p>Przy budowie u utrzymaniu rozwi\u0105za\u0144 sieciowych istotny jest r\u00f3wnie\u017c aspekt zarz\u0105dzania. Posiadamy w ofercie rozwi\u0105zania do monitoringu urz\u0105dze\u0144 oraz zarz\u0105dzania, w tym do backupu rozwi\u0105za\u0144 sieciowych i bezpiecze\u0144stwa.<\/p>\n\n\n\n<p>W ramach projekt\u00f3w jeste\u015bmy w stanie dostarczy\u0107 klientom kompleksowe rozwi\u0105zanie \u0142\u0105cz\u0105ce elementy serwerowo-storage, sieci oraz bezpiecze\u0144stwa.<\/p>\n\n\n\n<p><\/p>\n<\/div><\/div>\n","protected":false},"excerpt":{"rendered":"<p>Wsp\u00f3\u0142pracujemy z partnerami technologicznymi oferuj\u0105cymi sieci nowej generacji. Rozumiemy warto\u015b\u0107 infrastruktury sieciowej, kt\u00f3ra zapewnia widoczno\u015b\u0107, szybko\u015b\u0107 i bezpiecze\u0144stwo wymagane do optymalizacji i przep\u0142ywu informacji w organizacji. Sieci nowej generacji pozwalaj\u0105 klientom \u015bci\u015ble dostosowa\u0107 inwestycje sieciowe do wymaga\u0144 biznesowych. Uwa\u017camy, \u017ce dobrze zaprojektowana sie\u0107 powinna by\u0107 narz\u0119dziem do prowadzenia biznesu zapewniaj\u0105cym przewag\u0119 konkurencyjn\u0105. Projektujemy nowoczesne sieci [&hellip;]<\/p>\n","protected":false},"author":1,"featured_media":0,"parent":0,"menu_order":0,"comment_status":"closed","ping_status":"closed","template":"","meta":{"footnotes":""},"class_list":["post-32","page","type-page","status-publish","hentry"],"_links":{"self":[{"href":"https:\/\/foximo.pl\/index.php\/wp-json\/wp\/v2\/pages\/32","targetHints":{"allow":["GET"]}}],"collection":[{"href":"https:\/\/foximo.pl\/index.php\/wp-json\/wp\/v2\/pages"}],"about":[{"href":"https:\/\/foximo.pl\/index.php\/wp-json\/wp\/v2\/types\/page"}],"author":[{"embeddable":true,"href":"https:\/\/foximo.pl\/index.php\/wp-json\/wp\/v2\/users\/1"}],"replies":[{"embeddable":true,"href":"https:\/\/foximo.pl\/index.php\/wp-json\/wp\/v2\/comments?post=32"}],"version-history":[{"count":28,"href":"https:\/\/foximo.pl\/index.php\/wp-json\/wp\/v2\/pages\/32\/revisions"}],"predecessor-version":[{"id":352,"href":"https:\/\/foximo.pl\/index.php\/wp-json\/wp\/v2\/pages\/32\/revisions\/352"}],"wp:attachment":[{"href":"https:\/\/foximo.pl\/index.php\/wp-json\/wp\/v2\/media?parent=32"}],"curies":[{"name":"wp","href":"https:\/\/api.w.org\/{rel}","templated":true}]}}