{"id":28,"date":"2020-02-09T11:11:14","date_gmt":"2020-02-09T10:11:14","guid":{"rendered":"http:\/\/foximo.pl\/?page_id=28"},"modified":"2020-08-03T11:26:07","modified_gmt":"2020-08-03T09:26:07","slug":"uslugi","status":"publish","type":"page","link":"https:\/\/foximo.pl\/index.php\/uslugi\/","title":{"rendered":"Us\u0142ugi"},"content":{"rendered":"\n<div class=\"wp-block-media-text alignwide has-media-on-the-right is-stacked-on-mobile\"><figure class=\"wp-block-media-text__media\"><img loading=\"lazy\" decoding=\"async\" width=\"848\" height=\"565\" src=\"https:\/\/foximo.pl\/wp-content\/uploads\/2020\/04\/services-network-2.jpg\" alt=\"\" class=\"wp-image-257\" srcset=\"https:\/\/foximo.pl\/wp-content\/uploads\/2020\/04\/services-network-2.jpg 848w, https:\/\/foximo.pl\/wp-content\/uploads\/2020\/04\/services-network-2-300x200.jpg 300w, https:\/\/foximo.pl\/wp-content\/uploads\/2020\/04\/services-network-2-768x512.jpg 768w\" sizes=\"auto, (max-width: 848px) 100vw, 848px\" \/><\/figure><div class=\"wp-block-media-text__content\">\n<p>Projekty informatyczne staj\u0105 si\u0119 coraz bardziej z\u0142o\u017cone. Odpowiednie zdefiniowanie wymaga\u0144, zaprojektowanie i wdro\u017cenie rozwi\u0105zania wymaga od klient\u00f3w pozyskania wiedzy eksperckiej.<\/p>\n\n\n\n<p>Foximo oferuje klientom wiedz\u0119 i do\u015bwiadczenie zdobyte w wielu projektach popart\u0105 dodatkowo wieloma certyfikatami technicznymi.<\/p>\n\n\n\n<p>Wsp\u00f3\u0142praca z Foximo pozwoli klientom na dog\u0142\u0119bne zrozumienie wszystkich wyzwa\u0144 oraz szans zwi\u0105zanych z uruchomieniem projektu informatycznego.<\/p>\n\n\n\n<p>Oferujemy us\u0142ugi projektowe oraz implementacyjne w zakresie wdra\u017cania projekt\u00f3w informatycznych, w szczeg\u00f3lno\u015bci w zakresie sieci, bezpiecze\u0144stwa sieci, infrastruktury serwerowo-storage\u2019owej. Zapewniamy r\u00f3wnie\u017c wsparcie serwisowe wdra\u017canych rozwi\u0105za\u0144<\/p>\n\n\n\n<p><\/p>\n<\/div><\/div>\n","protected":false},"excerpt":{"rendered":"<p>Projekty informatyczne staj\u0105 si\u0119 coraz bardziej z\u0142o\u017cone. Odpowiednie zdefiniowanie wymaga\u0144, zaprojektowanie i wdro\u017cenie rozwi\u0105zania wymaga od klient\u00f3w pozyskania wiedzy eksperckiej. Foximo oferuje klientom wiedz\u0119 i do\u015bwiadczenie zdobyte w wielu projektach popart\u0105 dodatkowo wieloma certyfikatami technicznymi. Wsp\u00f3\u0142praca z Foximo pozwoli klientom na dog\u0142\u0119bne zrozumienie wszystkich wyzwa\u0144 oraz szans zwi\u0105zanych z uruchomieniem projektu informatycznego. Oferujemy us\u0142ugi projektowe [&hellip;]<\/p>\n","protected":false},"author":1,"featured_media":0,"parent":0,"menu_order":0,"comment_status":"closed","ping_status":"closed","template":"","meta":{"footnotes":""},"class_list":["post-28","page","type-page","status-publish","hentry"],"_links":{"self":[{"href":"https:\/\/foximo.pl\/index.php\/wp-json\/wp\/v2\/pages\/28","targetHints":{"allow":["GET"]}}],"collection":[{"href":"https:\/\/foximo.pl\/index.php\/wp-json\/wp\/v2\/pages"}],"about":[{"href":"https:\/\/foximo.pl\/index.php\/wp-json\/wp\/v2\/types\/page"}],"author":[{"embeddable":true,"href":"https:\/\/foximo.pl\/index.php\/wp-json\/wp\/v2\/users\/1"}],"replies":[{"embeddable":true,"href":"https:\/\/foximo.pl\/index.php\/wp-json\/wp\/v2\/comments?post=28"}],"version-history":[{"count":15,"href":"https:\/\/foximo.pl\/index.php\/wp-json\/wp\/v2\/pages\/28\/revisions"}],"predecessor-version":[{"id":353,"href":"https:\/\/foximo.pl\/index.php\/wp-json\/wp\/v2\/pages\/28\/revisions\/353"}],"wp:attachment":[{"href":"https:\/\/foximo.pl\/index.php\/wp-json\/wp\/v2\/media?parent=28"}],"curies":[{"name":"wp","href":"https:\/\/api.w.org\/{rel}","templated":true}]}}